{"id":988,"date":"2022-07-05T00:34:57","date_gmt":"2022-07-04T22:34:57","guid":{"rendered":"https:\/\/crisis-discourse.nerdline.online\/?page_id=988"},"modified":"2022-10-06T19:14:53","modified_gmt":"2022-10-06T17:14:53","slug":"fuer-autorinnen","status":"publish","type":"page","link":"https:\/\/www.crisis-discourse.net\/de\/fuer-autorinnen\/","title":{"rendered":"F\u00fcr Autor*innen"},"content":{"rendered":"<p>Die deutsch-sprachige Version dieser Seite wird noch erstellt&#8230;vielen Dank f\u00fcr die Geduld. Die englisch-sprachige Version erhalten Sie, wenn Sie im Men\u00fcpunkt &#8218;Sprache&#8216; das Symbol f\u00fcr Englisch ausw\u00e4hlen.<\/p>\n","protected":false},"excerpt":{"rendered":"<p>Die deutsch-sprachige Version dieser Seite wird noch erstellt&#8230;vielen Dank f\u00fcr die Geduld. Die englisch-sprachige Version erhalten Sie, wenn Sie im Men\u00fcpunkt &#8218;Sprache&#8216; das Symbol f\u00fcr Englisch&hellip;<\/p>\n","protected":false},"author":3,"featured_media":0,"parent":0,"menu_order":2,"comment_status":"closed","ping_status":"closed","template":"full-width.php","meta":{"footnotes":""},"ppma_author":[109],"class_list":["post-988","page","type-page","status-publish","hentry"],"yoast_head":"<!-- This site is optimized with the Yoast SEO plugin v26.6 - https:\/\/yoast.com\/wordpress\/plugins\/seo\/ -->\n<title>F\u00fcr Autor*innen - Crisis Discourse Blog<\/title>\n<meta name=\"robots\" content=\"index, follow, max-snippet:-1, max-image-preview:large, max-video-preview:-1\" \/>\n<link rel=\"canonical\" href=\"https:\/\/www.crisis-discourse.net\/for-authors\/\" \/>\n<meta property=\"og:locale\" content=\"de_DE\" \/>\n<meta property=\"og:type\" content=\"article\" \/>\n<meta property=\"og:title\" content=\"F\u00fcr Autor*innen - Crisis Discourse Blog\" \/>\n<meta property=\"og:description\" content=\"Die deutsch-sprachige Version dieser Seite wird noch erstellt&#8230;vielen Dank f\u00fcr die Geduld. Die englisch-sprachige Version erhalten Sie, wenn Sie im Men\u00fcpunkt &#8218;Sprache&#8216; das Symbol f\u00fcr Englisch&hellip;\" \/>\n<meta property=\"og:url\" content=\"https:\/\/www.crisis-discourse.net\/for-authors\/\" \/>\n<meta property=\"og:site_name\" content=\"Crisis Discourse Blog\" \/>\n<meta property=\"article:modified_time\" content=\"2022-10-06T17:14:53+00:00\" \/>\n<meta name=\"twitter:card\" content=\"summary_large_image\" \/>\n<script type=\"application\/ld+json\" class=\"yoast-schema-graph\">{\"@context\":\"https:\/\/schema.org\",\"@graph\":[{\"@type\":\"WebPage\",\"@id\":\"https:\/\/www.crisis-discourse.net\/for-authors\/\",\"url\":\"https:\/\/www.crisis-discourse.net\/for-authors\/\",\"name\":\"F\u00fcr Autor*innen - Crisis Discourse Blog\",\"isPartOf\":{\"@id\":\"https:\/\/www.crisis-discourse.net\/#website\"},\"datePublished\":\"2022-07-04T22:34:57+00:00\",\"dateModified\":\"2022-10-06T17:14:53+00:00\",\"breadcrumb\":{\"@id\":\"https:\/\/www.crisis-discourse.net\/for-authors\/#breadcrumb\"},\"inLanguage\":\"de\",\"potentialAction\":[{\"@type\":\"ReadAction\",\"target\":[\"https:\/\/www.crisis-discourse.net\/for-authors\/\"]}]},{\"@type\":\"BreadcrumbList\",\"@id\":\"https:\/\/www.crisis-discourse.net\/for-authors\/#breadcrumb\",\"itemListElement\":[{\"@type\":\"ListItem\",\"position\":1,\"name\":\"Home\",\"item\":\"https:\/\/www.crisis-discourse.net\/\"},{\"@type\":\"ListItem\",\"position\":2,\"name\":\"F\u00fcr Autor*innen\"}]},{\"@type\":\"WebSite\",\"@id\":\"https:\/\/www.crisis-discourse.net\/#website\",\"url\":\"https:\/\/www.crisis-discourse.net\/\",\"name\":\"Crisis Discourse Blog\",\"description\":\"\",\"potentialAction\":[{\"@type\":\"SearchAction\",\"target\":{\"@type\":\"EntryPoint\",\"urlTemplate\":\"https:\/\/www.crisis-discourse.net\/?s={search_term_string}\"},\"query-input\":{\"@type\":\"PropertyValueSpecification\",\"valueRequired\":true,\"valueName\":\"search_term_string\"}}],\"inLanguage\":\"de\"}]}<\/script>\n<!-- \/ Yoast SEO plugin. -->","yoast_head_json":{"title":"F\u00fcr Autor*innen - Crisis Discourse Blog","robots":{"index":"index","follow":"follow","max-snippet":"max-snippet:-1","max-image-preview":"max-image-preview:large","max-video-preview":"max-video-preview:-1"},"canonical":"https:\/\/www.crisis-discourse.net\/for-authors\/","og_locale":"de_DE","og_type":"article","og_title":"F\u00fcr Autor*innen - Crisis Discourse Blog","og_description":"Die deutsch-sprachige Version dieser Seite wird noch erstellt&#8230;vielen Dank f\u00fcr die Geduld. Die englisch-sprachige Version erhalten Sie, wenn Sie im Men\u00fcpunkt &#8218;Sprache&#8216; das Symbol f\u00fcr Englisch&hellip;","og_url":"https:\/\/www.crisis-discourse.net\/for-authors\/","og_site_name":"Crisis Discourse Blog","article_modified_time":"2022-10-06T17:14:53+00:00","twitter_card":"summary_large_image","schema":{"@context":"https:\/\/schema.org","@graph":[{"@type":"WebPage","@id":"https:\/\/www.crisis-discourse.net\/for-authors\/","url":"https:\/\/www.crisis-discourse.net\/for-authors\/","name":"F\u00fcr Autor*innen - Crisis Discourse Blog","isPartOf":{"@id":"https:\/\/www.crisis-discourse.net\/#website"},"datePublished":"2022-07-04T22:34:57+00:00","dateModified":"2022-10-06T17:14:53+00:00","breadcrumb":{"@id":"https:\/\/www.crisis-discourse.net\/for-authors\/#breadcrumb"},"inLanguage":"de","potentialAction":[{"@type":"ReadAction","target":["https:\/\/www.crisis-discourse.net\/for-authors\/"]}]},{"@type":"BreadcrumbList","@id":"https:\/\/www.crisis-discourse.net\/for-authors\/#breadcrumb","itemListElement":[{"@type":"ListItem","position":1,"name":"Home","item":"https:\/\/www.crisis-discourse.net\/"},{"@type":"ListItem","position":2,"name":"F\u00fcr Autor*innen"}]},{"@type":"WebSite","@id":"https:\/\/www.crisis-discourse.net\/#website","url":"https:\/\/www.crisis-discourse.net\/","name":"Crisis Discourse Blog","description":"","potentialAction":[{"@type":"SearchAction","target":{"@type":"EntryPoint","urlTemplate":"https:\/\/www.crisis-discourse.net\/?s={search_term_string}"},"query-input":{"@type":"PropertyValueSpecification","valueRequired":true,"valueName":"search_term_string"}}],"inLanguage":"de"}]}},"_links":{"self":[{"href":"https:\/\/www.crisis-discourse.net\/de\/wp-json\/wp\/v2\/pages\/988","targetHints":{"allow":["GET"]}}],"collection":[{"href":"https:\/\/www.crisis-discourse.net\/de\/wp-json\/wp\/v2\/pages"}],"about":[{"href":"https:\/\/www.crisis-discourse.net\/de\/wp-json\/wp\/v2\/types\/page"}],"author":[{"embeddable":true,"href":"https:\/\/www.crisis-discourse.net\/de\/wp-json\/wp\/v2\/users\/3"}],"replies":[{"embeddable":true,"href":"https:\/\/www.crisis-discourse.net\/de\/wp-json\/wp\/v2\/comments?post=988"}],"version-history":[{"count":1,"href":"https:\/\/www.crisis-discourse.net\/de\/wp-json\/wp\/v2\/pages\/988\/revisions"}],"predecessor-version":[{"id":990,"href":"https:\/\/www.crisis-discourse.net\/de\/wp-json\/wp\/v2\/pages\/988\/revisions\/990"}],"wp:attachment":[{"href":"https:\/\/www.crisis-discourse.net\/de\/wp-json\/wp\/v2\/media?parent=988"}],"wp:term":[{"taxonomy":"author","embeddable":true,"href":"https:\/\/www.crisis-discourse.net\/de\/wp-json\/wp\/v2\/ppma_author?post=988"}],"curies":[{"name":"wp","href":"https:\/\/api.w.org\/{rel}","templated":true}]}}