{"id":1010,"date":"2022-07-06T13:22:07","date_gmt":"2022-07-06T11:22:07","guid":{"rendered":"https:\/\/crisis-discourse.nerdline.online\/?page_id=1010"},"modified":"2022-10-06T19:26:40","modified_gmt":"2022-10-06T17:26:40","slug":"impressum-und-kontakt","status":"publish","type":"page","link":"https:\/\/www.crisis-discourse.net\/de\/ueber-cridis\/impressum-und-kontakt\/","title":{"rendered":"Impressum und Kontakt"},"content":{"rendered":"<h3>Impressum und Haftungsausschluss<\/h3>\n<p>Verantwortlich f\u00fcr die Inhalte dieser Website ist:<br \/>\nCrisis Discourse Blog &#8211; Amelie Kutter<br \/>\nZeppelinstr. 38<br \/>\n14471 Potsdam<\/p>\n<p>Inhalte dieser Website unterliegem dem Schutz des Urheber- und Wettbewerbsrechts. Jegliche Vervielf\u00e4ltigung, Verbreitung oder \u00f6ffentliche Wiedergabe, auch von Teilen, bedarf der vorherigen schriftlichen Genehmigung. Alle Rechte an den hier aufgef\u00fchrten Marken, Eigen- und Produktnamen sowie Logos liegen bei deren Eigent\u00fcmern.<\/p>\n<p>Der Betreiber dieser Site haftet nicht f\u00fcr die Inhalte fremder Server, die hier verlinkt sind.<\/p>\n<h3>Kontakt<\/h3>\n<p>F\u00fcr Fragen zu Crisis Discourse Blog stehen wir mit der folgenden E-Mail-Adresse zur Verf\u00fcgung: info@crisis-discourse.net<\/p>\n<p>Sofern in den <a href=\"https:\/\/www.crisis-discourse.net\/de\/category\/calls-and-news\/\">Calls f\u00fcr Beitr\u00e4ge zur CriDis-Ausgaben<\/a> nichts Anderes angegeben ist, nutzen Sie diese Adresse bitte auch zur <a href=\"https:\/\/www.crisis-discourse.net\/de\/for-authors\/\">Einreichung von Vorschl\u00e4gen und Entw\u00fcrfen<\/a>.<\/p>\n","protected":false},"excerpt":{"rendered":"<p>Impressum und Haftungsausschluss Verantwortlich f\u00fcr die Inhalte dieser Website ist: Crisis Discourse Blog &#8211; Amelie Kutter Zeppelinstr. 38 14471 Potsdam Inhalte dieser Website unterliegem dem Schutz&hellip;<\/p>\n","protected":false},"author":3,"featured_media":0,"parent":1006,"menu_order":14,"comment_status":"closed","ping_status":"closed","template":"","meta":{"footnotes":""},"ppma_author":[109],"class_list":["post-1010","page","type-page","status-publish","hentry"],"yoast_head":"<!-- This site is optimized with the Yoast SEO plugin v26.6 - https:\/\/yoast.com\/wordpress\/plugins\/seo\/ -->\n<title>Impressum und Kontakt - Crisis Discourse Blog<\/title>\n<meta name=\"robots\" content=\"index, follow, max-snippet:-1, max-image-preview:large, max-video-preview:-1\" \/>\n<link rel=\"canonical\" href=\"https:\/\/www.crisis-discourse.net\/de\/ueber-cridis\/impressum-und-kontakt\/\" \/>\n<meta property=\"og:locale\" content=\"de_DE\" \/>\n<meta property=\"og:type\" content=\"article\" \/>\n<meta property=\"og:title\" content=\"Impressum und Kontakt - Crisis Discourse Blog\" \/>\n<meta property=\"og:description\" content=\"Impressum und Haftungsausschluss Verantwortlich f\u00fcr die Inhalte dieser Website ist: Crisis Discourse Blog &#8211; Amelie Kutter Zeppelinstr. 38 14471 Potsdam Inhalte dieser Website unterliegem dem Schutz&hellip;\" \/>\n<meta property=\"og:url\" content=\"https:\/\/www.crisis-discourse.net\/de\/ueber-cridis\/impressum-und-kontakt\/\" \/>\n<meta property=\"og:site_name\" content=\"Crisis Discourse Blog\" \/>\n<meta property=\"article:modified_time\" content=\"2022-10-06T17:26:40+00:00\" \/>\n<meta name=\"twitter:card\" content=\"summary_large_image\" \/>\n<meta name=\"twitter:label1\" content=\"Gesch\u00e4tzte Lesezeit\" \/>\n\t<meta name=\"twitter:data1\" content=\"1\u00a0Minute\" \/>\n<script type=\"application\/ld+json\" class=\"yoast-schema-graph\">{\"@context\":\"https:\/\/schema.org\",\"@graph\":[{\"@type\":\"WebPage\",\"@id\":\"https:\/\/www.crisis-discourse.net\/de\/ueber-cridis\/impressum-und-kontakt\/\",\"url\":\"https:\/\/www.crisis-discourse.net\/de\/ueber-cridis\/impressum-und-kontakt\/\",\"name\":\"Impressum und Kontakt - Crisis Discourse Blog\",\"isPartOf\":{\"@id\":\"https:\/\/www.crisis-discourse.net\/#website\"},\"datePublished\":\"2022-07-06T11:22:07+00:00\",\"dateModified\":\"2022-10-06T17:26:40+00:00\",\"breadcrumb\":{\"@id\":\"https:\/\/www.crisis-discourse.net\/de\/ueber-cridis\/impressum-und-kontakt\/#breadcrumb\"},\"inLanguage\":\"de\",\"potentialAction\":[{\"@type\":\"ReadAction\",\"target\":[\"https:\/\/www.crisis-discourse.net\/de\/ueber-cridis\/impressum-und-kontakt\/\"]}]},{\"@type\":\"BreadcrumbList\",\"@id\":\"https:\/\/www.crisis-discourse.net\/de\/ueber-cridis\/impressum-und-kontakt\/#breadcrumb\",\"itemListElement\":[{\"@type\":\"ListItem\",\"position\":1,\"name\":\"Home\",\"item\":\"https:\/\/www.crisis-discourse.net\/\"},{\"@type\":\"ListItem\",\"position\":2,\"name\":\"\u00dcber CriDis\",\"item\":\"https:\/\/www.crisis-discourse.net\/about-cridis\/\"},{\"@type\":\"ListItem\",\"position\":3,\"name\":\"Impressum und Kontakt\"}]},{\"@type\":\"WebSite\",\"@id\":\"https:\/\/www.crisis-discourse.net\/#website\",\"url\":\"https:\/\/www.crisis-discourse.net\/\",\"name\":\"Crisis Discourse Blog\",\"description\":\"\",\"potentialAction\":[{\"@type\":\"SearchAction\",\"target\":{\"@type\":\"EntryPoint\",\"urlTemplate\":\"https:\/\/www.crisis-discourse.net\/?s={search_term_string}\"},\"query-input\":{\"@type\":\"PropertyValueSpecification\",\"valueRequired\":true,\"valueName\":\"search_term_string\"}}],\"inLanguage\":\"de\"}]}<\/script>\n<!-- \/ Yoast SEO plugin. -->","yoast_head_json":{"title":"Impressum und Kontakt - Crisis Discourse Blog","robots":{"index":"index","follow":"follow","max-snippet":"max-snippet:-1","max-image-preview":"max-image-preview:large","max-video-preview":"max-video-preview:-1"},"canonical":"https:\/\/www.crisis-discourse.net\/de\/ueber-cridis\/impressum-und-kontakt\/","og_locale":"de_DE","og_type":"article","og_title":"Impressum und Kontakt - Crisis Discourse Blog","og_description":"Impressum und Haftungsausschluss Verantwortlich f\u00fcr die Inhalte dieser Website ist: Crisis Discourse Blog &#8211; Amelie Kutter Zeppelinstr. 38 14471 Potsdam Inhalte dieser Website unterliegem dem Schutz&hellip;","og_url":"https:\/\/www.crisis-discourse.net\/de\/ueber-cridis\/impressum-und-kontakt\/","og_site_name":"Crisis Discourse Blog","article_modified_time":"2022-10-06T17:26:40+00:00","twitter_card":"summary_large_image","twitter_misc":{"Gesch\u00e4tzte Lesezeit":"1\u00a0Minute"},"schema":{"@context":"https:\/\/schema.org","@graph":[{"@type":"WebPage","@id":"https:\/\/www.crisis-discourse.net\/de\/ueber-cridis\/impressum-und-kontakt\/","url":"https:\/\/www.crisis-discourse.net\/de\/ueber-cridis\/impressum-und-kontakt\/","name":"Impressum und Kontakt - Crisis Discourse Blog","isPartOf":{"@id":"https:\/\/www.crisis-discourse.net\/#website"},"datePublished":"2022-07-06T11:22:07+00:00","dateModified":"2022-10-06T17:26:40+00:00","breadcrumb":{"@id":"https:\/\/www.crisis-discourse.net\/de\/ueber-cridis\/impressum-und-kontakt\/#breadcrumb"},"inLanguage":"de","potentialAction":[{"@type":"ReadAction","target":["https:\/\/www.crisis-discourse.net\/de\/ueber-cridis\/impressum-und-kontakt\/"]}]},{"@type":"BreadcrumbList","@id":"https:\/\/www.crisis-discourse.net\/de\/ueber-cridis\/impressum-und-kontakt\/#breadcrumb","itemListElement":[{"@type":"ListItem","position":1,"name":"Home","item":"https:\/\/www.crisis-discourse.net\/"},{"@type":"ListItem","position":2,"name":"\u00dcber CriDis","item":"https:\/\/www.crisis-discourse.net\/about-cridis\/"},{"@type":"ListItem","position":3,"name":"Impressum und Kontakt"}]},{"@type":"WebSite","@id":"https:\/\/www.crisis-discourse.net\/#website","url":"https:\/\/www.crisis-discourse.net\/","name":"Crisis Discourse Blog","description":"","potentialAction":[{"@type":"SearchAction","target":{"@type":"EntryPoint","urlTemplate":"https:\/\/www.crisis-discourse.net\/?s={search_term_string}"},"query-input":{"@type":"PropertyValueSpecification","valueRequired":true,"valueName":"search_term_string"}}],"inLanguage":"de"}]}},"_links":{"self":[{"href":"https:\/\/www.crisis-discourse.net\/de\/wp-json\/wp\/v2\/pages\/1010","targetHints":{"allow":["GET"]}}],"collection":[{"href":"https:\/\/www.crisis-discourse.net\/de\/wp-json\/wp\/v2\/pages"}],"about":[{"href":"https:\/\/www.crisis-discourse.net\/de\/wp-json\/wp\/v2\/types\/page"}],"author":[{"embeddable":true,"href":"https:\/\/www.crisis-discourse.net\/de\/wp-json\/wp\/v2\/users\/3"}],"replies":[{"embeddable":true,"href":"https:\/\/www.crisis-discourse.net\/de\/wp-json\/wp\/v2\/comments?post=1010"}],"version-history":[{"count":1,"href":"https:\/\/www.crisis-discourse.net\/de\/wp-json\/wp\/v2\/pages\/1010\/revisions"}],"predecessor-version":[{"id":1012,"href":"https:\/\/www.crisis-discourse.net\/de\/wp-json\/wp\/v2\/pages\/1010\/revisions\/1012"}],"up":[{"embeddable":true,"href":"https:\/\/www.crisis-discourse.net\/de\/wp-json\/wp\/v2\/pages\/1006"}],"wp:attachment":[{"href":"https:\/\/www.crisis-discourse.net\/de\/wp-json\/wp\/v2\/media?parent=1010"}],"wp:term":[{"taxonomy":"author","embeddable":true,"href":"https:\/\/www.crisis-discourse.net\/de\/wp-json\/wp\/v2\/ppma_author?post=1010"}],"curies":[{"name":"wp","href":"https:\/\/api.w.org\/{rel}","templated":true}]}}